{"id":1495,"date":"2021-09-15T09:27:45","date_gmt":"2021-09-15T06:27:45","guid":{"rendered":"https:\/\/jousivesa.fi\/vaandevedru-ja-traatosad\/"},"modified":"2021-09-16T08:31:58","modified_gmt":"2021-09-16T05:31:58","slug":"vaandevedru-ja-traatosad","status":"publish","type":"page","link":"https:\/\/jousivesa.fi\/et\/vaandevedru-ja-traatosad\/","title":{"rendered":"V\u00e4\u00e4ndevedru ja traatosad"},"content":{"rendered":"<div class=\"wpb-content-wrapper\">[vc_row fullwidth=&#8221;true&#8221;][vc_column][mk_custom_box margin_bottom=&#8221;0&#8243; bg_image=&#8221;http:\/\/www.jousivesa.fi\/wp-content\/uploads\/2020\/11\/7t9a9454.jpg&#8221; background_hov_color_style=&#8221;image&#8221; overlay_color=&#8221;rgba(0,0,0,0.25)&#8221; bg_image_hov_effect=&#8221;blur&#8221; bg_stretch=&#8221;true&#8221;][mk_padding_divider size=&#8221;120&#8243;][mk_padding_divider size=&#8221;60&#8243; visibility=&#8221;visible-sm&#8221;][mk_padding_divider size=&#8221;60&#8243; visibility=&#8221;visible-tl&#8221;][mk_fancy_title color=&#8221;#ffffff&#8221; size=&#8221;35&#8243; font_weight=&#8221;600&#8243; letter_spacing=&#8221;3&#8243; margin_bottom=&#8221;0&#8243; font_family=&#8221;none&#8221; align=&#8221;center&#8221;]V\u00e4\u00e4ndevedru ja traatosad[\/mk_fancy_title][mk_padding_divider size=&#8221;60&#8243;][mk_padding_divider size=&#8221;30&#8243; visibility=&#8221;hidden-sm&#8221;][mk_padding_divider size=&#8221;20&#8243; visibility=&#8221;hidden-tl&#8221;][\/mk_custom_box][\/vc_column][\/vc_row][vc_row][vc_column][mk_padding_divider size=&#8221;30&#8243;][mk_padding_divider size=&#8221;30&#8243; visibility=&#8221;hidden-sm&#8221;][mk_padding_divider size=&#8221;20&#8243; visibility=&#8221;hidden-tl&#8221;][\/vc_column][\/vc_row][vc_row fullwidth=&#8221;true&#8221; fullwidth_content=&#8221;false&#8221; visibility=&#8221;visible-dt&#8221;][vc_column width=&#8221;2\/3&#8243;][mk_custom_box padding_vertical=&#8221;0&#8243; padding_horizental=&#8221;10&#8243; margin_bottom=&#8221;0&#8243; min_height=&#8221;0&#8243;][mk_fancy_title size=&#8221;28&#8243; font_weight=&#8221;600&#8243; margin_bottom=&#8221;0&#8243; font_family=&#8221;none&#8221;]V\u00e4\u00e4ndevedru ja traatosad[\/mk_fancy_title][vc_column_text css=&#8221;.vc_custom_1617633566617{margin-bottom: 0px !important;}&#8221;]V\u00e4\u00e4ndevedru t\u00e4hendab vedru, mis tekitab energiat v\u00e4\u00e4ndudes. V\u00e4\u00e4ndevedrul on tavaliselt jalad, mis kinnitatakse konstruktsiooni k\u00fclge. Jalad kujundatakse alati objekti vajaduste j\u00e4rgi: neile saab teha erinevaid paindeid ja aasasid. V\u00e4\u00e4ndevedru j\u00f5u m\u00e4\u00e4rab vedrukonstant ehk koormusvajadus \u00fche keeruastme kohta.<\/p>\n<p>Vedruj\u00f5ud moodustub vedru f\u00fc\u00fcsilistest m\u00f5\u00f5tmetest:<\/p>\n<ul>\n<li>traadi l\u00e4bim\u00f5\u00f5t<\/li>\n<li>p\u00f5hiosa l\u00e4bim\u00f5\u00f5t<\/li>\n<li>keerdude arv<\/li>\n<\/ul>\n<p>Traatosa t\u00e4hendab vedruterasest valmistatud osa, millel ei ole keerde. Vedruterasel on omadus oma esialgne kuju tagasi v\u00f5tta, seega p\u00f5hineb traatosa t\u00f6\u00f6 traadi painduvusel. Traatosa j\u00f5ud moodustub traadi paksusest ja kujust. Valmistame ka mitmesuguseid silmuseid, r\u00f5ngaid, splinte ja muid traatosi nii vedruterasest kui ka muudest traatmaterjalidest.[\/vc_column_text][mk_padding_divider size=&#8221;20&#8243;][mk_fancy_title size=&#8221;28&#8243; font_weight=&#8221;600&#8243; margin_bottom=&#8221;0&#8243; font_family=&#8221;none&#8221;]V\u00e4\u00e4ndevedrusid ja traatosi 0,3\u201320,0 mm l\u00e4bim\u00f5\u00f5duga traadist[\/mk_fancy_title][vc_column_text css=&#8221;.vc_custom_1617633592533{margin-bottom: 0px !important;}&#8221;]Vedru f\u00fc\u00fcsiliste m\u00f5\u00f5tmete muutmine m\u00f5jutab vedru j\u00f5udu, stabiilset trajektoori ja t\u00f6\u00f6ts\u00fcklite arvu. Meie projekteerimisteenuse pakkujad aitavad meelsasti vedru projekteerimisel ja j\u00f5udude arvutamisel. Otstarbeks kavandatud vedru on funktsionaalne, ohutu ja ressursse s\u00e4\u00e4stev. Jousivesa valmistab v\u00e4\u00e4ndevedrusid 0,3\u201320,0 mm l\u00e4bim\u00f5\u00f5duga traadist<\/p>\n<p>Meie kaasaegne masinapark ja entusiastlikud t\u00f6\u00f6tajad on valmis aitama, \u00fcksk\u00f5ik kas vajate \u00fcht erivedru v\u00f5i suurt hulka komplekte![\/vc_column_text][mk_fancy_title size=&#8221;16&#8243; font_weight=&#8221;600&#8243; txt_transform=&#8221;uppercase&#8221; letter_spacing=&#8221;1&#8243; font_family=&#8221;none&#8221;]<a href=\"\/et\/kontaktandmed\/\">V\u00d5TA \u00dcHENDUST &gt;<\/a>[\/mk_fancy_title][\/mk_custom_box][\/vc_column][vc_column visibility=&#8221;hidden-sm&#8221; width=&#8221;1\/3&#8243;][mk_image src=&#8221;http:\/\/www.jousivesa.fi\/wp-content\/uploads\/2020\/11\/7t9a9471.jpg&#8221; image_size=&#8221;full&#8221;][\/vc_column][\/vc_row][vc_row visibility=&#8221;hidden-dt&#8221;][vc_column][mk_custom_box padding_vertical=&#8221;0&#8243; padding_horizental=&#8221;0&#8243; margin_bottom=&#8221;0&#8243; min_height=&#8221;0&#8243;][mk_fancy_title size=&#8221;28&#8243; font_weight=&#8221;600&#8243; margin_bottom=&#8221;0&#8243; font_family=&#8221;none&#8221; align=&#8221;center&#8221;]V\u00e4\u00e4ndevedru ja traatosad[\/mk_fancy_title][vc_column_text align=&#8221;center&#8221; css=&#8221;.vc_custom_1617634325238{margin-bottom: 0px !important;}&#8221;]V\u00e4\u00e4ndevedru t\u00e4hendab vedru, mis tekitab energiat v\u00e4\u00e4ndudes. V\u00e4\u00e4ndevedrul on tavaliselt jalad, mis kinnitatakse konstruktsiooni k\u00fclge. Jalad kujundatakse alati objekti vajaduste j\u00e4rgi: neile saab teha erinevaid paindeid ja aasasid. V\u00e4\u00e4ndevedru j\u00f5u m\u00e4\u00e4rab vedrukonstant ehk koormusvajadus \u00fche keeruastme kohta.<\/p>\n<p>Vedruj\u00f5ud moodustub vedru f\u00fc\u00fcsilistest m\u00f5\u00f5tmetest:<\/p>\n<ul>\n<li>traadi l\u00e4bim\u00f5\u00f5t<\/li>\n<li>p\u00f5hiosa l\u00e4bim\u00f5\u00f5t<\/li>\n<li>keerdude arv<\/li>\n<\/ul>\n<p>Traatosa t\u00e4hendab vedruterasest valmistatud osa, millel ei ole keerde. Vedruterasel on omadus oma esialgne kuju tagasi v\u00f5tta, seega p\u00f5hineb traatosa t\u00f6\u00f6 traadi painduvusel. Traatosa j\u00f5ud moodustub traadi paksusest ja kujust. Valmistame ka mitmesuguseid silmuseid, r\u00f5ngaid, splinte ja muid traatosi nii vedruterasest kui ka muudest traatmaterjalidest.[\/vc_column_text][mk_padding_divider size=&#8221;20&#8243;][mk_fancy_title size=&#8221;28&#8243; font_weight=&#8221;600&#8243; margin_bottom=&#8221;0&#8243; font_family=&#8221;none&#8221; align=&#8221;center&#8221;]V\u00e4\u00e4ndevedrusid ja traatosi 0,3\u201320,0 mm l\u00e4bim\u00f5\u00f5duga traadist[\/mk_fancy_title][vc_column_text align=&#8221;center&#8221; css=&#8221;.vc_custom_1617633598213{margin-bottom: 0px !important;}&#8221;]Vedru f\u00fc\u00fcsiliste m\u00f5\u00f5tmete muutmine m\u00f5jutab vedru j\u00f5udu, stabiilset trajektoori ja t\u00f6\u00f6ts\u00fcklite arvu. Meie projekteerimisteenuse pakkujad aitavad meelsasti vedru projekteerimisel ja j\u00f5udude arvutamisel. Otstarbeks kavandatud vedru on funktsionaalne, ohutu ja ressursse s\u00e4\u00e4stev. Jousivesa valmistab v\u00e4\u00e4ndevedrusid 0,3\u201320,0 mm l\u00e4bim\u00f5\u00f5duga traadist<\/p>\n<p>Meie kaasaegne masinapark ja entusiastlikud t\u00f6\u00f6tajad on valmis aitama, \u00fcksk\u00f5ik kas vajate \u00fcht erivedru v\u00f5i suurt hulka komplekte![\/vc_column_text][mk_fancy_title size=&#8221;16&#8243; font_weight=&#8221;600&#8243; txt_transform=&#8221;uppercase&#8221; letter_spacing=&#8221;1&#8243; font_family=&#8221;none&#8221; align=&#8221;center&#8221;]<a href=\"\/et\/kontaktandmed\/\">V\u00d5TA \u00dcHENDUST &gt;<\/a>[\/mk_fancy_title][\/mk_custom_box][\/vc_column][\/vc_row][vc_row][vc_column][mk_padding_divider size=&#8221;20&#8243;][mk_fancy_title size=&#8221;20&#8243; font_weight=&#8221;600&#8243; margin_bottom=&#8221;0&#8243; font_family=&#8221;none&#8221; align=&#8221;center&#8221;]<a href=\"#tellimus-ja-paringuvorm\">Tellimus- ja p\u00e4ringuvorm<\/a>[\/mk_fancy_title][mk_font_icons icon=&#8221;mk-icon-chevron-down&#8221; size=&#8221;medium&#8221; circle=&#8221;true&#8221; align=&#8221;center&#8221; link=&#8221;#tellimus-ja-paringuvorm&#8221;][mk_padding_divider size=&#8221;10&#8243;][mk_padding_divider visibility=&#8221;hidden-sm&#8221;][mk_padding_divider size=&#8221;30&#8243; visibility=&#8221;hidden-tl&#8221;][\/vc_column][\/vc_row][vc_row fullwidth=&#8221;true&#8221; fullwidth_content=&#8221;false&#8221; css=&#8221;.vc_custom_1602591656379{background-color: #0e764c !important;}&#8221;][vc_column][mk_padding_divider][mk_padding_divider size=&#8221;10&#8243; visibility=&#8221;hidden-tl&#8221;][mk_padding_divider size=&#8221;50&#8243; visibility=&#8221;hidden-sm&#8221;][\/vc_column][\/vc_row][vc_row fullwidth=&#8221;true&#8221; fullwidth_content=&#8221;false&#8221; css=&#8221;.vc_custom_1602591873631{background-color: #0e764c !important;}&#8221;][vc_column width=&#8221;2\/3&#8243;][mk_custom_box padding_vertical=&#8221;0&#8243; padding_horizental=&#8221;10&#8243; margin_bottom=&#8221;0&#8243; min_height=&#8221;0&#8243;][mk_fancy_title color=&#8221;#ffffff&#8221; size=&#8221;28&#8243; font_weight=&#8221;600&#8243; margin_bottom=&#8221;0&#8243; font_family=&#8221;none&#8221;]Materjal ja pinnat\u00f6\u00f6tlus[\/mk_fancy_title][mk_fancy_title color=&#8221;#ffffff&#8221; size=&#8221;16&#8243; line_height=&#8221;150&#8243; font_family=&#8221;none&#8221;]K\u00f5ik v\u00e4\u00e4ndevedrud valmistatakse vedruterasest. Vedruterase liik valitakse vedru otstarbe j\u00e4rgi. Materjali valikul tuleb arvesse v\u00f5tta v\u00e4liseid kasutustingimusi nagu niiskus ja temperatuur, samuti vedrule m\u00f5juvat koormust. Meie Jousivesas kasutame ainult \u00fclikvaliteetseid vedruteraseid.<\/p>\n<p>Traatosad valmistatakse kas vedruterasest v\u00f5i muudest traadimaterjalidest. Meie masinapark sobib eelk\u00f5ige igasuguse \u00fcmartraadi painutamiseks ja meil on kogemusi v\u00e4ga erinevat t\u00fc\u00fcpi materjalidega.<\/p>\n<p>V\u00e4\u00e4ndevedrudele ja traatosadele saab anda pinnat\u00f6\u00f6tluse n\u00e4iteks parema korrosioonikindluse saavutamiseks v\u00f5i visuaalsetel p\u00f5hjustel. Levinumad vedrude pinnat\u00f6\u00f6tluse v\u00f5imalused on elektrotsinkimine, pulberv\u00e4rvimine ja kuulidega kalestamine.[\/mk_fancy_title][\/mk_custom_box][\/vc_column][vc_column width=&#8221;1\/3&#8243;][mk_fancy_title color=&#8221;#ffffff&#8221; size=&#8221;28&#8243; font_weight=&#8221;600&#8243; margin_bottom=&#8221;0&#8243; font_family=&#8221;none&#8221; visibility=&#8221;hidden-sm&#8221;]V\u00e4\u00e4ndevedru m\u00f5\u00f5tmed[\/mk_fancy_title][mk_fancy_title color=&#8221;#ffffff&#8221; size=&#8221;28&#8243; font_weight=&#8221;600&#8243; margin_bottom=&#8221;0&#8243; font_family=&#8221;none&#8221; align=&#8221;center&#8221; visibility=&#8221;visible-sm&#8221;]V\u00e4\u00e4ndevedru m\u00f5\u00f5tmed[\/mk_fancy_title][mk_custom_list style=&#8221;mk-icon-angle-double-right&#8221; icon_color=&#8221;#ffffff&#8221; margin_bottom=&#8221;0&#8243; visibility=&#8221;hidden-sm&#8221;]<span style=\"color: #ffffff;\">V\u00e4\u00e4ndevedru olulisemad m\u00f5\u00f5tmed<\/span><\/p>\n<ul>\n<li><span style=\"color: #ffffff;\">traadi l\u00e4bim\u00f5\u00f5t (d)<\/span><\/li>\n<li><span style=\"color: #ffffff;\">p\u00f5hiosa v\u00e4lisl\u00e4bim\u00f5\u00f5t (Da) v\u00f5i sisel\u00e4bim\u00f5\u00f5t (Di)<\/span><\/li>\n<li><span style=\"color: #ffffff;\">keerdude arv (if)<\/span><\/li>\n<li><span style=\"color: #ffffff;\">keeru k\u00e4elisus<\/span><\/li>\n<li><span style=\"color: #ffffff;\">jalgade kuju<\/span><\/li>\n<\/ul>\n<p><span style=\"color: #ffffff;\">V\u00e4\u00e4ndevedrude v\u00f5i traatosade kohta palume teilt mudelit, pilti v\u00f5i joonist.<\/span>[\/mk_custom_list][mk_custom_list style=&#8221;mk-icon-angle-double-right&#8221; icon_color=&#8221;#ffffff&#8221; margin_bottom=&#8221;0&#8243; align=&#8221;center&#8221; visibility=&#8221;visible-sm&#8221;]<span style=\"color: #ffffff;\">V\u00e4\u00e4ndevedru olulisemad m\u00f5\u00f5tmed<\/span><\/p>\n<ul>\n<li><span style=\"color: #ffffff;\">traadi l\u00e4bim\u00f5\u00f5t (d)<\/span><\/li>\n<li><span style=\"color: #ffffff;\">p\u00f5hiosa v\u00e4lisl\u00e4bim\u00f5\u00f5t (Da) v\u00f5i sisel\u00e4bim\u00f5\u00f5t (Di)<\/span><\/li>\n<li><span style=\"color: #ffffff;\">keerdude arv (if)<\/span><\/li>\n<li><span style=\"color: #ffffff;\">keeru k\u00e4elisus<\/span><\/li>\n<li><span style=\"color: #ffffff;\">jalgade kuju<\/span><\/li>\n<\/ul>\n<p><span style=\"color: #ffffff;\">V\u00e4\u00e4ndevedrude v\u00f5i traatosade kohta palume teilt mudelit, pilti v\u00f5i joonist.<\/span>[\/mk_custom_list][\/vc_column][\/vc_row][vc_row fullwidth=&#8221;true&#8221; fullwidth_content=&#8221;false&#8221; css=&#8221;.vc_custom_1602591656379{background-color: #0e764c !important;}&#8221;][vc_column][mk_padding_divider size=&#8221;10&#8243; visibility=&#8221;visible-dt&#8221;][mk_padding_divider size=&#8221;60&#8243; visibility=&#8221;hidden-sm&#8221;][mk_padding_divider size=&#8221;50&#8243; visibility=&#8221;visible-sm&#8221;][mk_padding_divider size=&#8221;20&#8243; visibility=&#8221;visible-tl&#8221;][\/vc_column][\/vc_row][vc_row][vc_column][mk_padding_divider size=&#8221;50&#8243;][mk_padding_divider size=&#8221;10&#8243; visibility=&#8221;hidden-tl&#8221;][mk_padding_divider size=&#8221;30&#8243; visibility=&#8221;hidden-sm&#8221;][\/vc_column][\/vc_row][vc_row fullwidth=&#8221;true&#8221; fullwidth_content=&#8221;false&#8221; id=&#8221;tellimus-ja-paringuvorm&#8221;][vc_column width=&#8221;5\/6&#8243;][mk_custom_box padding_vertical=&#8221;0&#8243; padding_horizental=&#8221;0&#8243;][mk_fancy_title size=&#8221;28&#8243; force_font_size=&#8221;true&#8221; size_tablet=&#8221;26&#8243; size_phone=&#8221;26&#8243; font_weight=&#8221;600&#8243; margin_bottom=&#8221;0&#8243; font_family=&#8221;none&#8221;]Tellimus- ja p\u00e4ringuvorm[\/mk_fancy_title][mk_padding_divider size=&#8221;20&#8243;][mk_padding_divider size=&#8221;10&#8243; visibility=&#8221;hidden-sm&#8221;][mk_fancy_title size=&#8221;16&#8243; line_height=&#8221;150&#8243; margin_bottom=&#8221;0&#8243; font_family=&#8221;none&#8221;]<noscript class=\"ninja-forms-noscript-message\">\n\tNotice: JavaScript is required for this content.<\/noscript>\n<div id=\"nf-form-17-cont\" class=\"nf-form-cont\" aria-live=\"polite\" aria-labelledby=\"nf-form-title-17\" aria-describedby=\"nf-form-errors-17\" role=\"form\">\n\n    <div class=\"nf-loading-spinner\"><\/div>\n\n<\/div>\n        <!-- That data is being printed as a workaround to page builders reordering the order of the scripts loaded-->\n        <script>var formDisplay=1;var nfForms=nfForms||[];var form=[];form.id='17';form.settings={\"objectType\":\"Form Setting\",\"editActive\":true,\"title\":\"V\\u00e4\\u00e4ndevedru ja traatosad\",\"created_at\":\"2021-09-15 09:28:05\",\"default_label_pos\":\"above\",\"show_title\":\"0\",\"clear_complete\":\"1\",\"hide_complete\":\"1\",\"logged_in\":\"\",\"wrapper_class\":\"\",\"element_class\":\"\",\"key\":\"\",\"add_submit\":\"1\",\"changeEmailErrorMsg\":\"Please enter a valid email address!\",\"changeDateErrorMsg\":\"Please enter a valid date!\",\"confirmFieldErrorMsg\":\"These fields must match!\",\"fieldNumberNumMinError\":\"Number Min Error\",\"fieldNumberNumMaxError\":\"Number Max Error\",\"fieldNumberIncrementBy\":\"Please increment by \",\"formErrorsCorrectErrors\":\"Please correct errors before submitting this form.\",\"validateRequiredField\":\"This is a required field.\",\"honeypotHoneypotError\":\"Honeypot Error\",\"fieldsMarkedRequired\":\"Fields marked with an <span class=\\\"ninja-forms-req-symbol\\\">*<\\\/span> are required\",\"currency\":\"\",\"unique_field_error\":\"A form with this value has already been submitted.\",\"not_logged_in_msg\":\"\",\"sub_limit_msg\":\"\",\"calculations\":[],\"formContentData\":[\"ettevote_1631687309435\",\"kontaktisik_1631687316420\",\"aadress_1631687321249\",\"telefon_1631687328468\",\"e-post_1631687334810\",\"sonum_1631687342284\",\"recaptcha_1597991572765\",\"esita_vorm_1631687355927\"],\"drawerDisabled\":false,\"repeatable_fieldsets\":\"\",\"allow_public_link\":0,\"embed_form\":\"\",\"ninjaForms\":\"Ninja Forms\",\"fieldTextareaRTEInsertLink\":\"Insert Link\",\"fieldTextareaRTEInsertMedia\":\"Insert Media\",\"fieldTextareaRTESelectAFile\":\"Select a file\",\"formHoneypot\":\"If you are a human seeing this field, please leave it empty.\",\"fileUploadOldCodeFileUploadInProgress\":\"File Upload in Progress.\",\"fileUploadOldCodeFileUpload\":\"FILE UPLOAD\",\"currencySymbol\":\"&euro;\",\"thousands_sep\":\",\",\"decimal_point\":\".\",\"siteLocale\":\"et\",\"dateFormat\":\"m\\\/d\\\/Y\",\"startOfWeek\":\"1\",\"of\":\"of\",\"previousMonth\":\"Previous Month\",\"nextMonth\":\"Next Month\",\"months\":[\"January\",\"February\",\"March\",\"April\",\"May\",\"June\",\"July\",\"August\",\"September\",\"October\",\"November\",\"December\"],\"monthsShort\":[\"Jan\",\"Feb\",\"Mar\",\"Apr\",\"May\",\"Jun\",\"Jul\",\"Aug\",\"Sep\",\"Oct\",\"Nov\",\"Dec\"],\"weekdays\":[\"Sunday\",\"Monday\",\"Tuesday\",\"Wednesday\",\"Thursday\",\"Friday\",\"Saturday\"],\"weekdaysShort\":[\"Sun\",\"Mon\",\"Tue\",\"Wed\",\"Thu\",\"Fri\",\"Sat\"],\"weekdaysMin\":[\"Su\",\"Mo\",\"Tu\",\"We\",\"Th\",\"Fr\",\"Sa\"],\"recaptchaConsentMissing\":\"reCaptcha validation couldn&#039;t load.\",\"recaptchaMissingCookie\":\"reCaptcha v3 validation couldn&#039;t load the cookie needed to submit the form.\",\"recaptchaConsentEvent\":\"Accept reCaptcha cookies before sending the form.\",\"currency_symbol\":\"\",\"beforeForm\":\"\",\"beforeFields\":\"\",\"afterFields\":\"\",\"afterForm\":\"\"};form.fields=[{\"objectType\":\"Field\",\"objectDomain\":\"fields\",\"editActive\":false,\"order\":1,\"idAttribute\":\"id\",\"label\":\"Ettev\\u00f5te\",\"type\":\"textbox\",\"key\":\"ettevote_1631687309435\",\"label_pos\":\"above\",\"required\":\"\",\"default\":\"\",\"placeholder\":\"\",\"container_class\":\"\",\"element_class\":\"\",\"input_limit\":\"\",\"input_limit_type\":\"characters\",\"input_limit_msg\":\"Merkkej\\u00e4 j\\u00e4ljell\\u00e4\",\"manual_key\":\"\",\"admin_label\":\"\",\"help_text\":\"\",\"mask\":\"\",\"custom_mask\":\"\",\"custom_name_attribute\":\"\",\"personally_identifiable\":\"\",\"value\":\"\",\"drawerDisabled\":\"\",\"field_label\":\"Yritys\",\"field_key\":\"yritys_1597991458475\",\"id\":278,\"beforeField\":\"\",\"afterField\":\"\",\"parentType\":\"textbox\",\"element_templates\":[\"textbox\",\"input\"],\"old_classname\":\"\",\"wrap_template\":\"wrap\"},{\"objectType\":\"Field\",\"objectDomain\":\"fields\",\"editActive\":false,\"order\":2,\"idAttribute\":\"id\",\"label\":\"Kontaktisik\",\"type\":\"textbox\",\"key\":\"kontaktisik_1631687316420\",\"label_pos\":\"above\",\"required\":1,\"default\":\"\",\"placeholder\":\"\",\"container_class\":\"\",\"element_class\":\"\",\"input_limit\":\"\",\"input_limit_type\":\"characters\",\"input_limit_msg\":\"Merkkej\\u00e4 j\\u00e4ljell\\u00e4\",\"manual_key\":\"\",\"admin_label\":\"\",\"help_text\":\"\",\"mask\":\"\",\"custom_mask\":\"\",\"custom_name_attribute\":\"\",\"personally_identifiable\":\"\",\"value\":\"\",\"drawerDisabled\":\"\",\"field_label\":\"Yhteyshenkil\\u00f6\",\"field_key\":\"yhteyshenkilo_1597991505938\",\"id\":279,\"beforeField\":\"\",\"afterField\":\"\",\"parentType\":\"textbox\",\"element_templates\":[\"textbox\",\"input\"],\"old_classname\":\"\",\"wrap_template\":\"wrap\"},{\"objectType\":\"Field\",\"objectDomain\":\"fields\",\"editActive\":false,\"order\":3,\"idAttribute\":\"id\",\"label\":\"Aadress\",\"type\":\"textbox\",\"key\":\"aadress_1631687321249\",\"label_pos\":\"above\",\"required\":0,\"default\":\"\",\"placeholder\":\"\",\"container_class\":\"\",\"element_class\":\"\",\"input_limit\":\"\",\"input_limit_type\":\"characters\",\"input_limit_msg\":\"Merkkej\\u00e4 j\\u00e4ljell\\u00e4\",\"manual_key\":\"\",\"admin_label\":\"\",\"help_text\":\"\",\"mask\":\"\",\"custom_mask\":\"\",\"custom_name_attribute\":\"\",\"personally_identifiable\":\"\",\"value\":\"\",\"drawerDisabled\":\"\",\"field_label\":\"Osoite\",\"field_key\":\"osoite_1597991522636\",\"id\":280,\"beforeField\":\"\",\"afterField\":\"\",\"parentType\":\"textbox\",\"element_templates\":[\"textbox\",\"input\"],\"old_classname\":\"\",\"wrap_template\":\"wrap\"},{\"objectType\":\"Field\",\"objectDomain\":\"fields\",\"editActive\":false,\"order\":4,\"idAttribute\":\"id\",\"label\":\"Telefon\",\"type\":\"textbox\",\"key\":\"telefon_1631687328468\",\"label_pos\":\"above\",\"required\":1,\"default\":\"\",\"placeholder\":\"\",\"container_class\":\"\",\"element_class\":\"\",\"input_limit\":\"\",\"input_limit_type\":\"characters\",\"input_limit_msg\":\"Merkkej\\u00e4 j\\u00e4ljell\\u00e4\",\"manual_key\":\"\",\"admin_label\":\"\",\"help_text\":\"\",\"mask\":\"\",\"custom_mask\":\"\",\"custom_name_attribute\":\"\",\"personally_identifiable\":\"\",\"value\":\"\",\"drawerDisabled\":\"\",\"field_label\":\"Puhelin\",\"field_key\":\"puhelin_1597991533364\",\"id\":281,\"beforeField\":\"\",\"afterField\":\"\",\"parentType\":\"textbox\",\"element_templates\":[\"textbox\",\"input\"],\"old_classname\":\"\",\"wrap_template\":\"wrap\"},{\"objectType\":\"Field\",\"objectDomain\":\"fields\",\"editActive\":false,\"order\":5,\"idAttribute\":\"id\",\"label\":\"E-post\",\"type\":\"textbox\",\"key\":\"e-post_1631687334810\",\"label_pos\":\"above\",\"required\":1,\"default\":\"\",\"placeholder\":\"\",\"container_class\":\"\",\"element_class\":\"\",\"input_limit\":\"\",\"input_limit_type\":\"characters\",\"input_limit_msg\":\"Merkkej\\u00e4 j\\u00e4ljell\\u00e4\",\"manual_key\":\"\",\"admin_label\":\"\",\"help_text\":\"\",\"mask\":\"\",\"custom_mask\":\"\",\"custom_name_attribute\":\"\",\"personally_identifiable\":\"\",\"value\":\"\",\"drawerDisabled\":\"\",\"field_label\":\"S\\u00e4hk\\u00f6posti\",\"field_key\":\"sahkoposti_1597991544790\",\"id\":282,\"beforeField\":\"\",\"afterField\":\"\",\"parentType\":\"textbox\",\"element_templates\":[\"textbox\",\"input\"],\"old_classname\":\"\",\"wrap_template\":\"wrap\"},{\"objectType\":\"Field\",\"objectDomain\":\"fields\",\"editActive\":false,\"order\":6,\"idAttribute\":\"id\",\"label\":\"S\\u00f5num\",\"type\":\"textarea\",\"key\":\"sonum_1631687342284\",\"label_pos\":\"above\",\"required\":\"\",\"default\":\"\",\"placeholder\":\"\",\"container_class\":\"\",\"element_class\":\"\",\"input_limit\":\"\",\"input_limit_type\":\"characters\",\"input_limit_msg\":\"Merkkej\\u00e4 j\\u00e4ljell\\u00e4\",\"manual_key\":\"\",\"admin_label\":\"\",\"help_text\":\"\",\"textarea_rte\":\"\",\"disable_rte_mobile\":\"\",\"textarea_media\":\"\",\"value\":\"\",\"drawerDisabled\":\"\",\"field_label\":\"Viesti\",\"field_key\":\"viesti_1597991564147\",\"id\":283,\"beforeField\":\"\",\"afterField\":\"\",\"parentType\":\"textarea\",\"element_templates\":[\"textarea\",\"input\"],\"old_classname\":\"\",\"wrap_template\":\"wrap\"},{\"objectType\":\"Field\",\"objectDomain\":\"fields\",\"editActive\":false,\"order\":7,\"idAttribute\":\"id\",\"label\":\"Recaptcha\",\"type\":\"recaptcha\",\"container_class\":\"\",\"element_class\":\"\",\"size\":\"visible\",\"key\":\"recaptcha_1597991572765\",\"field_label\":\"Recaptcha\",\"field_key\":\"recaptcha_1597991572765\",\"id\":284,\"beforeField\":\"\",\"afterField\":\"\",\"value\":\"\",\"label_pos\":\"above\",\"parentType\":\"textbox\",\"element_templates\":[\"recaptcha\",\"input\"],\"old_classname\":\"\",\"wrap_template\":\"wrap\",\"site_key\":\"6LeG6lIUAAAAAFuX6r7ZT8Ui8JJoqF7-WZfLz925\",\"theme\":\"light\",\"lang\":\"fi\"},{\"objectType\":\"Field\",\"objectDomain\":\"fields\",\"editActive\":false,\"order\":9999,\"idAttribute\":\"id\",\"type\":\"submit\",\"label\":\"Esita vorm\",\"processing_label\":\"Esita vorm\",\"container_class\":\"\",\"element_class\":\"\",\"key\":\"esita_vorm_1631687355927\",\"drawerDisabled\":false,\"field_label\":\"L\\u00e4het\\u00e4 lomake\",\"field_key\":\"laheta_lomake_1597992233058\",\"id\":285,\"beforeField\":\"\",\"afterField\":\"\",\"value\":\"\",\"label_pos\":\"above\",\"parentType\":\"textbox\",\"element_templates\":[\"submit\",\"button\",\"input\"],\"old_classname\":\"\",\"wrap_template\":\"wrap-no-label\"}];nfForms.push(form);<\/script>\n        [\/mk_fancy_title][\/mk_custom_box][\/vc_column][vc_column width=&#8221;1\/6&#8243;][\/vc_column][\/vc_row][vc_row fullwidth=&#8221;true&#8221;][vc_column][mk_padding_divider size=&#8221;20&#8243; visibility=&#8221;hidden-tl&#8221;][mk_padding_divider size=&#8221;60&#8243; visibility=&#8221;hidden-sm&#8221;][\/vc_column][\/vc_row]\n<\/div>","protected":false},"excerpt":{"rendered":"<p>[vc_row fullwidth=&#8221;true&#8221;][vc_column][mk_custom_box margin_bottom=&#8221;0&#8243; bg_image=&#8221;http:\/\/www.jousivesa.fi\/wp-content\/uploads\/2020\/11\/7t9a9454.jpg&#8221; background_hov_color_style=&#8221;image&#8221; overlay_color=&#8221;rgba(0,0,0,0.25)&#8221; bg_image_hov_effect=&#8221;blur&#8221; bg_stretch=&#8221;true&#8221;][mk_padding_divider size=&#8221;120&#8243;][mk_padding_divider size=&#8221;60&#8243; visibility=&#8221;visible-sm&#8221;][mk_padding_divider size=&#8221;60&#8243; visibility=&#8221;visible-tl&#8221;][mk_fancy_title color=&#8221;#ffffff&#8221; size=&#8221;35&#8243; font_weight=&#8221;600&#8243; letter_spacing=&#8221;3&#8243; margin_bottom=&#8221;0&#8243; font_family=&#8221;none&#8221; align=&#8221;center&#8221;]V\u00e4\u00e4ndevedru ja traatosad[\/mk_fancy_title][mk_padding_divider size=&#8221;60&#8243;][mk_padding_divider size=&#8221;30&#8243; visibility=&#8221;hidden-sm&#8221;][mk_padding_divider size=&#8221;20&#8243; visibility=&#8221;hidden-tl&#8221;][\/mk_custom_box][\/vc_column][\/vc_row][vc_row][vc_column][mk_padding_divider size=&#8221;30&#8243;][mk_padding_divider size=&#8221;30&#8243; visibility=&#8221;hidden-sm&#8221;][mk_padding_divider size=&#8221;20&#8243; visibility=&#8221;hidden-tl&#8221;][\/vc_column][\/vc_row][vc_row fullwidth=&#8221;true&#8221; fullwidth_content=&#8221;false&#8221; visibility=&#8221;visible-dt&#8221;][vc_column width=&#8221;2\/3&#8243;][mk_custom_box padding_vertical=&#8221;0&#8243; padding_horizental=&#8221;10&#8243; margin_bottom=&#8221;0&#8243; min_height=&#8221;0&#8243;][mk_fancy_title size=&#8221;28&#8243; font_weight=&#8221;600&#8243; margin_bottom=&#8221;0&#8243; font_family=&#8221;none&#8221;]V\u00e4\u00e4ndevedru ja traatosad[\/mk_fancy_title][vc_column_text css=&#8221;.vc_custom_1617633566617{margin-bottom: 0px !important;}&#8221;]V\u00e4\u00e4ndevedru t\u00e4hendab vedru, mis tekitab energiat v\u00e4\u00e4ndudes. [&hellip;]<\/p>\n","protected":false},"author":2,"featured_media":0,"parent":0,"menu_order":0,"comment_status":"closed","ping_status":"closed","template":"","meta":{"footnotes":""},"class_list":["post-1495","page","type-page","status-publish","hentry"],"aioseo_notices":[],"_links":{"self":[{"href":"https:\/\/jousivesa.fi\/et\/wp-json\/wp\/v2\/pages\/1495","targetHints":{"allow":["GET"]}}],"collection":[{"href":"https:\/\/jousivesa.fi\/et\/wp-json\/wp\/v2\/pages"}],"about":[{"href":"https:\/\/jousivesa.fi\/et\/wp-json\/wp\/v2\/types\/page"}],"author":[{"embeddable":true,"href":"https:\/\/jousivesa.fi\/et\/wp-json\/wp\/v2\/users\/2"}],"replies":[{"embeddable":true,"href":"https:\/\/jousivesa.fi\/et\/wp-json\/wp\/v2\/comments?post=1495"}],"version-history":[{"count":5,"href":"https:\/\/jousivesa.fi\/et\/wp-json\/wp\/v2\/pages\/1495\/revisions"}],"predecessor-version":[{"id":1558,"href":"https:\/\/jousivesa.fi\/et\/wp-json\/wp\/v2\/pages\/1495\/revisions\/1558"}],"wp:attachment":[{"href":"https:\/\/jousivesa.fi\/et\/wp-json\/wp\/v2\/media?parent=1495"}],"curies":[{"name":"wp","href":"https:\/\/api.w.org\/{rel}","templated":true}]}}