{"id":1446,"date":"2021-09-10T08:47:50","date_gmt":"2021-09-10T05:47:50","guid":{"rendered":"https:\/\/jousivesa.fi\/avaleht\/"},"modified":"2022-06-28T08:24:42","modified_gmt":"2022-06-28T05:24:42","slug":"avaleht","status":"publish","type":"page","link":"https:\/\/jousivesa.fi\/et\/","title":{"rendered":"Avaleht"},"content":{"rendered":"<div class=\"wpb-content-wrapper\">[vc_row fullwidth=&#8221;true&#8221;][vc_column][mk_custom_box padding_horizental=&#8221;10&#8243; bg_image=&#8221;https:\/\/jousivesa.fi\/wp-content\/uploads\/2021\/01\/7t9a1272_2.jpg&#8221; background_hov_color_style=&#8221;image&#8221; overlay_color=&#8221;rgba(14,118,76,0.75)&#8221; bg_stretch=&#8221;true&#8221;][mk_padding_divider size=&#8221;190&#8243; visibility=&#8221;visible-dt&#8221;][mk_padding_divider size=&#8221;150&#8243; visibility=&#8221;visible-sm&#8221;][mk_padding_divider size=&#8221;190&#8243; visibility=&#8221;visible-tl&#8221;][mk_fancy_title color=&#8221;#ffffff&#8221; size=&#8221;45&#8243; force_font_size=&#8221;true&#8221; size_tablet=&#8221;40&#8243; size_phone=&#8221;30&#8243; font_weight=&#8221;600&#8243; letter_spacing=&#8221;2&#8243; margin_bottom=&#8221;0&#8243; font_family=&#8221;none&#8221; align=&#8221;center&#8221;]Lahti vedrutehas[\/mk_fancy_title][mk_fancy_title tag_name=&#8221;span&#8221; color=&#8221;#ffffff&#8221; size=&#8221;22&#8243; font_weight=&#8221;500&#8243; margin_bottom=&#8221;0&#8243; font_family=&#8221;none&#8221; align=&#8221;center&#8221;]Vedrul on palju \u00fclesandeid, meil ainult \u00fcks<\/p>\n<p><strong>\u2013 teha nii, et klient on rahul<\/strong>[\/mk_fancy_title][mk_padding_divider size=&#8221;170&#8243; visibility=&#8221;visible-dt&#8221;][mk_padding_divider visibility=&#8221;visible-sm&#8221;][mk_padding_divider size=&#8221;100&#8243; visibility=&#8221;visible-tl&#8221;][\/mk_custom_box][\/vc_column][\/vc_row][vc_row][vc_column][mk_padding_divider size=&#8221;30&#8243;][mk_padding_divider size=&#8221;20&#8243; visibility=&#8221;hidden-tl&#8221;][mk_padding_divider size=&#8221;50&#8243; visibility=&#8221;hidden-sm&#8221;][\/vc_column][\/vc_row][vc_row fullwidth=&#8221;true&#8221; fullwidth_content=&#8221;false&#8221;][vc_column width=&#8221;2\/3&#8243;][mk_custom_box padding_vertical=&#8221;0&#8243; margin_bottom=&#8221;0&#8243;][mk_fancy_title size=&#8221;28&#8243; force_font_size=&#8221;true&#8221; size_tablet=&#8221;26&#8243; size_phone=&#8221;26&#8243; font_weight=&#8221;600&#8243; margin_bottom=&#8221;0&#8243; font_family=&#8221;none&#8221; visibility=&#8221;hidden-sm&#8221;]<span style=\"color: #0e764c;\">Valmistame<\/span> spiraalvedrusid[\/mk_fancy_title][mk_fancy_title size=&#8221;26&#8243; font_weight=&#8221;600&#8243; margin_bottom=&#8221;0&#8243; font_family=&#8221;none&#8221; visibility=&#8221;visible-sm&#8221;]\n<h3><span style=\"color: #0e764c;\">Valmistame<\/span> spiraalvedrusid<\/h3>\n[\/mk_fancy_title][mk_fancy_title size=&#8221;16&#8243; line_height=&#8221;150&#8243; margin_bottom=&#8221;0&#8243; font_family=&#8221;none&#8221;]Jousivesa valmistab, disainib ja arvutab spiraalvedrusid t\u00f6\u00f6stuskasutuseks alates 1979. aastast, n\u00fc\u00fcd juba kolmandat p\u00f5lve.<\/p>\n<p>Valmistame tellimusm\u00f5\u00f5tmete j\u00e4rgi survevedrusid, t\u00f5mbevedrusid, v\u00e4\u00e4ndevedrusid ja erinevaid traatosi.<\/p>\n<p>Aitame projekteerimisel ning arvutame v\u00e4lja rakenduse jaoks vajalikud vedrud, see tagab kulut\u00f5husa ja \u00f5nnestunud l\u00f5pptulemuse.[\/mk_fancy_title][mk_padding_divider size=&#8221;20&#8243;][mk_fancy_title size=&#8221;28&#8243; force_font_size=&#8221;true&#8221; size_tablet=&#8221;26&#8243; size_phone=&#8221;26&#8243; font_weight=&#8221;600&#8243; margin_bottom=&#8221;0&#8243; font_family=&#8221;none&#8221; visibility=&#8221;hidden-sm&#8221;]<span style=\"color: #0e764c;\">Meie taha asi<\/span> ei j\u00e4\u00e4[\/mk_fancy_title][mk_fancy_title size=&#8221;26&#8243; font_weight=&#8221;600&#8243; margin_bottom=&#8221;0&#8243; font_family=&#8221;none&#8221; visibility=&#8221;visible-sm&#8221;]\n<h3><span style=\"color: #0e764c;\">Meie taha asi<\/span> ei j\u00e4\u00e4<\/h3>\n[\/mk_fancy_title][mk_fancy_title size=&#8221;16&#8243; line_height=&#8221;150&#8243; margin_bottom=&#8221;0&#8243; font_family=&#8221;none&#8221;]Kui on kiire, saadame vedrusaadetised teele isegi samal p\u00e4eval. T\u00e4nu suurele traadivalikule \u2013 l\u00e4bim\u00f5\u00f5duni kuni 20,0 mm \u2013 saame pakkuda lahendusi enamiku rakenduste tarbeks. Elame oma klientide projektidele kaasa ning oleme toeks tootearendusel \u2013 probleemide lahendamine on meie leib!<\/p>\n<p>Meie asjatundlik personal saab hakkama ka keeruliste vormide ja eritoodete valmistamisega. T\u00f5eline klienditeenindus on meie uhkus ning tagab paindliku koost\u00f6\u00f6.<\/p>\n<p><strong>Helista meile, tegeleme teie vedruvajadustega koos!<\/strong>[\/mk_fancy_title][mk_padding_divider size=&#8221;15&#8243;][mk_fancy_title size=&#8221;16&#8243; font_weight=&#8221;600&#8243; txt_transform=&#8221;uppercase&#8221; letter_spacing=&#8221;1&#8243; font_family=&#8221;none&#8221;]<a href=\"\/et\/kontaktandmed\/\">V\u00d5TA \u00dcHENDUST &gt;<\/a>[\/mk_fancy_title][mk_padding_divider size=&#8221;10&#8243; visibility=&#8221;visible-sm&#8221;][\/mk_custom_box][\/vc_column][vc_column width=&#8221;1\/3&#8243;][mk_image src=&#8221;https:\/\/jousivesa.fi\/wp-content\/uploads\/2022\/06\/7t9a1990.jpg&#8221; image_size=&#8221;full&#8221;][\/vc_column][\/vc_row][vc_row fullwidth=&#8221;true&#8221;][vc_column][mk_padding_divider][mk_padding_divider size=&#8221;20&#8243; visibility=&#8221;hidden-tl&#8221;][mk_padding_divider size=&#8221;20&#8243; visibility=&#8221;hidden-sm&#8221;][mk_custom_box padding_horizental=&#8221;10&#8243; bg_color=&#8221;#0e764c&#8221; bg_position=&#8221;center top&#8221; background_hov_color_style=&#8221;image&#8221; bg_image_hov_effect=&#8221;blur&#8221; bg_stretch=&#8221;true&#8221;][mk_padding_divider size=&#8221;30&#8243;][mk_padding_divider size=&#8221;10&#8243; visibility=&#8221;hidden-tl&#8221;][mk_padding_divider size=&#8221;30&#8243; visibility=&#8221;hidden-sm&#8221;][mk_image src=&#8221;http:\/\/www.jousivesa.fi\/wp-content\/uploads\/2020\/08\/jousi-4.png&#8221; image_size=&#8221;full&#8221; align=&#8221;center&#8221; margin_bottom=&#8221;0&#8243;][mk_padding_divider size=&#8221;20&#8243;][mk_fancy_title color=&#8221;#ffffff&#8221; size=&#8221;20&#8243; force_font_size=&#8221;true&#8221; size_tablet=&#8221;20&#8243; size_phone=&#8221;18&#8243; font_weight=&#8221;500&#8243; margin_bottom=&#8221;0&#8243; font_family=&#8221;none&#8221; align=&#8221;center&#8221;]Suur valik traate, aastate v\u00e4ltel kogunenud eriteadmised<br \/>\nja t\u00f5eline klienditeenindus tagavad paindliku koost\u00f6\u00f6.<\/p>\n<p>\u2013 Sirkku Vesa[\/mk_fancy_title][mk_padding_divider size=&#8221;10&#8243;][mk_padding_divider size=&#8221;20&#8243; visibility=&#8221;hidden-tl&#8221;][mk_padding_divider visibility=&#8221;hidden-sm&#8221;][\/mk_custom_box][mk_padding_divider size=&#8221;20&#8243; visibility=&#8221;hidden-tl&#8221;][mk_padding_divider size=&#8221;50&#8243; visibility=&#8221;hidden-sm&#8221;][\/vc_column][\/vc_row][vc_row fullwidth=&#8221;true&#8221; fullwidth_content=&#8221;false&#8221;][vc_column width=&#8221;5\/6&#8243;][mk_custom_box][mk_fancy_title size=&#8221;28&#8243; force_font_size=&#8221;true&#8221; size_tablet=&#8221;26&#8243; size_phone=&#8221;26&#8243; font_weight=&#8221;600&#8243; margin_bottom=&#8221;0&#8243; font_family=&#8221;none&#8221;]Meie tooted[\/mk_fancy_title][mk_fancy_title size=&#8221;16&#8243; line_height=&#8221;150&#8243; margin_bottom=&#8221;0&#8243; font_family=&#8221;none&#8221;]Valmistame t\u00e4psete m\u00f5\u00f5tmetega vedrud vastavalt otstarbele. Valmistamiseks vajame m\u00f5\u00f5tmeid, joonist v\u00f5i mudelit v\u00f5i andmeid vedru vajaliku j\u00f5u ja kasutustingimuste kohta.<\/p>\n<p>Aitame k\u00f5igis vedru kavandamise ja j\u00f5um\u00f5\u00f5tmisega seotud k\u00fcsimustes. Oleme paljudele klientidele toeks tootearendamisel erinevates projektides. K\u00fcsi l\u00e4hemalt!<\/p>\n<p><strong>Tootelehtedelt saad vedrude kohta t\u00e4psemat infot!<\/strong>[\/mk_fancy_title][mk_padding_divider size=&#8221;10&#8243; visibility=&#8221;hidden-sm&#8221;][\/mk_custom_box][\/vc_column][vc_column width=&#8221;1\/6&#8243;][\/vc_column][\/vc_row][vc_row][vc_column width=&#8221;1\/3&#8243;][mk_custom_box padding_vertical=&#8221;0&#8243; padding_horizental=&#8221;0&#8243; margin_bottom=&#8221;0&#8243; min_height=&#8221;0&#8243; bg_image=&#8221;https:\/\/jousivesa.fi\/wp-content\/uploads\/2020\/11\/7t9a9408-1.jpg&#8221; background_hov_color_style=&#8221;image&#8221; bg_image_hov_effect=&#8221;zoom-in&#8221; bg_stretch=&#8221;true&#8221;][mk_padding_divider size=&#8221;150&#8243;][mk_padding_divider size=&#8221;50&#8243; visibility=&#8221;hidden-sm&#8221;][mk_padding_divider size=&#8221;150&#8243; visibility=&#8221;hidden-tl&#8221;][\/mk_custom_box][mk_padding_divider size=&#8221;20&#8243;][mk_fancy_title size=&#8221;16&#8243; font_weight=&#8221;600&#8243; txt_transform=&#8221;uppercase&#8221; letter_spacing=&#8221;1&#8243; font_family=&#8221;none&#8221; align=&#8221;center&#8221;]<a href=\"\/et\/tombevedru\/\">T\u00d5MBEVEDRU &gt;<\/a>[\/mk_fancy_title][\/vc_column][vc_column width=&#8221;1\/3&#8243;][mk_custom_box padding_vertical=&#8221;0&#8243; padding_horizental=&#8221;0&#8243; margin_bottom=&#8221;0&#8243; min_height=&#8221;0&#8243; bg_image=&#8221;https:\/\/jousivesa.fi\/wp-content\/uploads\/2020\/11\/7t9a9436.jpg&#8221; background_hov_color_style=&#8221;image&#8221; bg_image_hov_effect=&#8221;zoom-in&#8221; bg_stretch=&#8221;true&#8221;][mk_padding_divider size=&#8221;150&#8243;][mk_padding_divider size=&#8221;50&#8243; visibility=&#8221;hidden-sm&#8221;][mk_padding_divider size=&#8221;150&#8243; visibility=&#8221;hidden-tl&#8221;][\/mk_custom_box][mk_padding_divider size=&#8221;20&#8243;][mk_fancy_title size=&#8221;16&#8243; font_weight=&#8221;600&#8243; txt_transform=&#8221;uppercase&#8221; letter_spacing=&#8221;1&#8243; font_family=&#8221;none&#8221; align=&#8221;center&#8221;]<a href=\"\/et\/survevedru\/\">SURVEVEDRU &gt;<\/a>[\/mk_fancy_title][\/vc_column][vc_column width=&#8221;1\/3&#8243;][mk_custom_box padding_vertical=&#8221;0&#8243; padding_horizental=&#8221;0&#8243; margin_bottom=&#8221;0&#8243; min_height=&#8221;0&#8243; bg_image=&#8221;https:\/\/jousivesa.fi\/wp-content\/uploads\/2020\/11\/7t9a9454.jpg&#8221; background_hov_color_style=&#8221;image&#8221; bg_image_hov_effect=&#8221;zoom-in&#8221; bg_stretch=&#8221;true&#8221;][mk_padding_divider size=&#8221;150&#8243;][mk_padding_divider size=&#8221;50&#8243; visibility=&#8221;hidden-sm&#8221;][mk_padding_divider size=&#8221;150&#8243; visibility=&#8221;hidden-tl&#8221;][\/mk_custom_box][mk_padding_divider size=&#8221;20&#8243;][mk_fancy_title size=&#8221;16&#8243; font_weight=&#8221;600&#8243; txt_transform=&#8221;uppercase&#8221; letter_spacing=&#8221;1&#8243; font_family=&#8221;none&#8221; align=&#8221;center&#8221;]<a href=\"\/et\/vaandevedru-ja-traatosad\/\">V\u00c4\u00c4NDEVEDRU JA TRAATOSAD &gt;<\/a>[\/mk_fancy_title][\/vc_column][\/vc_row][vc_row fullwidth=&#8221;true&#8221;][vc_column][mk_padding_divider size=&#8221;10&#8243;][mk_padding_divider size=&#8221;30&#8243; visibility=&#8221;hidden-tl&#8221;][mk_padding_divider size=&#8221;60&#8243; visibility=&#8221;hidden-sm&#8221;][mk_custom_box padding_horizental=&#8221;10&#8243; margin_bottom=&#8221;0&#8243; bg_image=&#8221;https:\/\/jousivesa.fi\/wp-content\/uploads\/2020\/11\/7t9a1937-edit.jpg&#8221; background_hov_color_style=&#8221;image&#8221; overlay_color=&#8221;rgba(14,118,76,0.7)&#8221; bg_image_hov_effect=&#8221;blur&#8221; bg_stretch=&#8221;true&#8221;][mk_padding_divider size=&#8221;30&#8243;][mk_padding_divider size=&#8221;10&#8243; visibility=&#8221;hidden-tl&#8221;][mk_padding_divider size=&#8221;30&#8243; visibility=&#8221;hidden-sm&#8221;][mk_image src=&#8221;http:\/\/www.amvisuals.fi\/wp-content\/uploads\/2020\/08\/jousi-4.png&#8221; image_size=&#8221;full&#8221; align=&#8221;center&#8221; margin_bottom=&#8221;0&#8243;][mk_padding_divider size=&#8221;20&#8243;][mk_fancy_title color=&#8221;#ffffff&#8221; size=&#8221;20&#8243; force_font_size=&#8221;true&#8221; size_phone=&#8221;18&#8243; font_weight=&#8221;500&#8243; margin_bottom=&#8221;0&#8243; font_family=&#8221;none&#8221; align=&#8221;center&#8221; visibility=&#8221;hidden-tl&#8221;]Kui vajad abi vedru kavandamise ja arvutamisega seotud k\u00fcsimustes, v\u00f5ta meiega \u00fchendust.<\/p>\n<p>Mida varasemas etapis saame kavandamises osaleda,<br \/>\nseda paremini saame tagada vedru toimivuse ja leida kulut\u00f5husa tulemuse.<\/p>\n<p>\u2013 Jussi Fihlman[\/mk_fancy_title][vc_row_inner css=&#8221;.vc_custom_1612339130125{padding-right: 20px !important;padding-left: 20px !important;}&#8221;][vc_column_inner][mk_fancy_title color=&#8221;#ffffff&#8221; size=&#8221;20&#8243; font_weight=&#8221;500&#8243; margin_bottom=&#8221;0&#8243; font_family=&#8221;none&#8221; align=&#8221;center&#8221; visibility=&#8221;visible-tl&#8221;]Kui vajad abi vedru kavandamise ja arvutamisega seotud k\u00fcsimustes, v\u00f5ta meiega \u00fchendust.<\/p>\n<p>Mida varasemas etapis saame kavandamises osaleda,<br \/>\nseda paremini saame tagada vedru toimivuse ja leida kulut\u00f5husa tulemuse.<\/p>\n<p>\u2013 Jussi Fihlman[\/mk_fancy_title][\/vc_column_inner][\/vc_row_inner][mk_padding_divider size=&#8221;10&#8243;][mk_padding_divider size=&#8221;20&#8243; visibility=&#8221;hidden-tl&#8221;][mk_padding_divider visibility=&#8221;hidden-sm&#8221;][\/mk_custom_box][\/vc_column][\/vc_row]\n<\/div>","protected":false},"excerpt":{"rendered":"<p>[vc_row fullwidth=&#8221;true&#8221;][vc_column][mk_custom_box padding_horizental=&#8221;10&#8243; bg_image=&#8221;https:\/\/jousivesa.fi\/wp-content\/uploads\/2021\/01\/7t9a1272_2.jpg&#8221; background_hov_color_style=&#8221;image&#8221; overlay_color=&#8221;rgba(14,118,76,0.75)&#8221; bg_stretch=&#8221;true&#8221;][mk_padding_divider size=&#8221;190&#8243; visibility=&#8221;visible-dt&#8221;][mk_padding_divider size=&#8221;150&#8243; visibility=&#8221;visible-sm&#8221;][mk_padding_divider size=&#8221;190&#8243; visibility=&#8221;visible-tl&#8221;][mk_fancy_title color=&#8221;#ffffff&#8221; size=&#8221;45&#8243; force_font_size=&#8221;true&#8221; size_tablet=&#8221;40&#8243; size_phone=&#8221;30&#8243; font_weight=&#8221;600&#8243; letter_spacing=&#8221;2&#8243; margin_bottom=&#8221;0&#8243; font_family=&#8221;none&#8221; align=&#8221;center&#8221;]Lahti vedrutehas[\/mk_fancy_title][mk_fancy_title tag_name=&#8221;span&#8221; color=&#8221;#ffffff&#8221; size=&#8221;22&#8243; font_weight=&#8221;500&#8243; margin_bottom=&#8221;0&#8243; font_family=&#8221;none&#8221; align=&#8221;center&#8221;]Vedrul on palju \u00fclesandeid, meil ainult \u00fcks \u2013 teha nii, et klient on rahul[\/mk_fancy_title][mk_padding_divider size=&#8221;170&#8243; visibility=&#8221;visible-dt&#8221;][mk_padding_divider visibility=&#8221;visible-sm&#8221;][mk_padding_divider size=&#8221;100&#8243; visibility=&#8221;visible-tl&#8221;][\/mk_custom_box][\/vc_column][\/vc_row][vc_row][vc_column][mk_padding_divider size=&#8221;30&#8243;][mk_padding_divider size=&#8221;20&#8243; visibility=&#8221;hidden-tl&#8221;][mk_padding_divider size=&#8221;50&#8243; visibility=&#8221;hidden-sm&#8221;][\/vc_column][\/vc_row][vc_row fullwidth=&#8221;true&#8221; [&hellip;]<\/p>\n","protected":false},"author":2,"featured_media":0,"parent":0,"menu_order":0,"comment_status":"closed","ping_status":"closed","template":"","meta":{"footnotes":""},"class_list":["post-1446","page","type-page","status-publish","hentry"],"aioseo_notices":[],"_links":{"self":[{"href":"https:\/\/jousivesa.fi\/et\/wp-json\/wp\/v2\/pages\/1446","targetHints":{"allow":["GET"]}}],"collection":[{"href":"https:\/\/jousivesa.fi\/et\/wp-json\/wp\/v2\/pages"}],"about":[{"href":"https:\/\/jousivesa.fi\/et\/wp-json\/wp\/v2\/types\/page"}],"author":[{"embeddable":true,"href":"https:\/\/jousivesa.fi\/et\/wp-json\/wp\/v2\/users\/2"}],"replies":[{"embeddable":true,"href":"https:\/\/jousivesa.fi\/et\/wp-json\/wp\/v2\/comments?post=1446"}],"version-history":[{"count":9,"href":"https:\/\/jousivesa.fi\/et\/wp-json\/wp\/v2\/pages\/1446\/revisions"}],"predecessor-version":[{"id":1587,"href":"https:\/\/jousivesa.fi\/et\/wp-json\/wp\/v2\/pages\/1446\/revisions\/1587"}],"wp:attachment":[{"href":"https:\/\/jousivesa.fi\/et\/wp-json\/wp\/v2\/media?parent=1446"}],"curies":[{"name":"wp","href":"https:\/\/api.w.org\/{rel}","templated":true}]}}